{"id":5158,"date":"2015-08-07T07:22:32","date_gmt":"2015-08-07T07:22:32","guid":{"rendered":"http:\/\/insfri.com\/wordpress\/?page_id=5158"},"modified":"2015-12-09T03:17:49","modified_gmt":"2015-12-09T03:17:49","slug":"produits","status":"publish","type":"page","link":"https:\/\/www.insfri.com\/fr\/produits\/","title":{"rendered":"Produits"},"content":{"rendered":"<section class=\"wpb-content-wrapper\">[vc_row full_width=\u00a0\u00bb\u00a0\u00bb parallax_image=\u00a0\u00bb\u00a0\u00bb visibility=\u00a0\u00bb\u00a0\u00bb css_animation=\u00a0\u00bb\u00a0\u00bb center_row=\u00a0\u00bb\u00a0\u00bb typography_style=\u00a0\u00bb\u00a0\u00bb column_spacing=\u00a0\u00bb\u00a0\u00bb tablet_fullwidth_cols=\u00a0\u00bb\u00a0\u00bb bg_style=\u00a0\u00bb\u00a0\u00bb parallax=\u00a0\u00bb\u00a0\u00bb parallax_mobile=\u00a0\u00bb\u00a0\u00bb parallax_style=\u00a0\u00bb\u00a0\u00bb parallax_direction=\u00a0\u00bb\u00a0\u00bb video_bg=\u00a0\u00bb\u00a0\u00bb video_bg_overlay=\u00a0\u00bb\u00a0\u00bb border_style=\u00a0\u00bb\u00a0\u00bb][vc_column width=\u00a0\u00bb2\/3&Prime; style=\u00a0\u00bb\u00a0\u00bb visibility=\u00a0\u00bb\u00a0\u00bb css_animation=\u00a0\u00bb\u00a0\u00bb typo_style=\u00a0\u00bb\u00a0\u00bb drop_shadow=\u00a0\u00bb\u00a0\u00bb bg_style=\u00a0\u00bb\u00a0\u00bb border_style=\u00a0\u00bb\u00a0\u00bb][vc_column_text css_animation=\u00a0\u00bb\u00a0\u00bb]\n<p><span style=\"font-size: 14px;\"><span style=\"color: #000080;\"><strong>INSFRI\u00a0<\/strong><\/span>dispose d&rsquo; une large\u00a0gamme d&rsquo;\u00a0<span style=\"color: #2b2b2b;\"><strong>\u00c9vaporateurs<\/strong><\/span>, <span style=\"color: #2b2b2b;\"><strong>Condenseurs<\/strong>\u00a0et <strong>\u00c9changeurs Thermiques\u00a0Sp\u00e9ciaux<\/strong>\u00a0<\/span>pour la R\u00e9frig\u00e9ration Industrielle et Commerciale qui s&rsquo;adapte a les besoins de chaque projet. Choisissez la cat\u00e9gorie de produits:<\/span><\/p>\n[\/vc_column_text][vcex_spacing size=\u00a0\u00bb30px\u00a0\u00bb visibility=\u00a0\u00bb\u00a0\u00bb][\/vc_column][vc_column width=\u00a0\u00bb1\/3&Prime; style=\u00a0\u00bb\u00a0\u00bb visibility=\u00a0\u00bb\u00a0\u00bb css_animation=\u00a0\u00bb\u00a0\u00bb typo_style=\u00a0\u00bb\u00a0\u00bb drop_shadow=\u00a0\u00bb\u00a0\u00bb bg_style=\u00a0\u00bb\u00a0\u00bb border_style=\u00a0\u00bb\u00a0\u00bb][vc_btn title=\u00a0\u00bbSi vous avez besoin d&rsquo;une solution personnalis\u00e9e sur mesure, cliquez ici.\u00a0\u00bb style=\u00a0\u00bboutline\u00a0\u00bb shape=\u00a0\u00bbrounded\u00a0\u00bb color=\u00a0\u00bbprimary\u00a0\u00bb size=\u00a0\u00bbmd\u00a0\u00bb align=\u00a0\u00bbcenter\u00a0\u00bb i_align=\u00a0\u00bbleft\u00a0\u00bb i_type=\u00a0\u00bbfontawesome\u00a0\u00bb i_icon_fontawesome=\u00a0\u00bbfa fa-calculator\u00a0\u00bb i_icon_openiconic=\u00a0\u00bbvc-oi vc-oi-dial\u00a0\u00bb i_icon_typicons=\u00a0\u00bbtypcn typcn-adjust-brightness\u00a0\u00bb i_icon_entypo=\u00a0\u00bbentypo-icon entypo-icon-note\u00a0\u00bb i_icon_linecons=\u00a0\u00bbvc_li vc_li-heart\u00a0\u00bb button_block=\u00a0\u00bb\u00a0\u00bb add_icon=\u00a0\u00bbtrue\u00a0\u00bb i_icon_pixelicons=\u00a0\u00bbvc_pixel_icon vc_pixel_icon-alert\u00a0\u00bb link=\u00a0\u00bburl:http%3A%2F%2Finsfri.com%2Ffr%2Ffabrication-speciale%2F||\u00a0\u00bb][\/vc_column][\/vc_row][vc_row full_width=\u00a0\u00bb\u00a0\u00bb parallax_image=\u00a0\u00bb\u00a0\u00bb visibility=\u00a0\u00bb\u00a0\u00bb css_animation=\u00a0\u00bb\u00a0\u00bb center_row=\u00a0\u00bb\u00a0\u00bb typography_style=\u00a0\u00bb\u00a0\u00bb column_spacing=\u00a0\u00bb\u00a0\u00bb tablet_fullwidth_cols=\u00a0\u00bb\u00a0\u00bb bg_style=\u00a0\u00bb\u00a0\u00bb parallax=\u00a0\u00bb\u00a0\u00bb parallax_mobile=\u00a0\u00bb\u00a0\u00bb parallax_style=\u00a0\u00bb\u00a0\u00bb parallax_direction=\u00a0\u00bb\u00a0\u00bb video_bg=\u00a0\u00bb\u00a0\u00bb video_bg_overlay=\u00a0\u00bb\u00a0\u00bb border_style=\u00a0\u00bb\u00a0\u00bb][vc_column width=\u00a0\u00bb1\/1&Prime; style=\u00a0\u00bb\u00a0\u00bb visibility=\u00a0\u00bb\u00a0\u00bb css_animation=\u00a0\u00bb\u00a0\u00bb typo_style=\u00a0\u00bb\u00a0\u00bb drop_shadow=\u00a0\u00bb\u00a0\u00bb bg_style=\u00a0\u00bb\u00a0\u00bb border_style=\u00a0\u00bb\u00a0\u00bb][vcex_portfolio_grid visibility=\u00a0\u00bb\u00a0\u00bb css_animation=\u00a0\u00bb\u00a0\u00bb grid_style=\u00a0\u00bbfit_columns\u00a0\u00bb columns=\u00a0\u00bb4&Prime; columns_gap=\u00a0\u00bb\u00a0\u00bb columns_responsive=\u00a0\u00bb\u00a0\u00bb single_column_style=\u00a0\u00bb\u00a0\u00bb equal_heights_grid=\u00a0\u00bbtrue\u00a0\u00bb link_target=\u00a0\u00bb\u00a0\u00bb posts_per_page=\u00a0\u00bb-1&Prime; order=\u00a0\u00bbASC\u00a0\u00bb orderby=\u00a0\u00bb\u00a0\u00bb pagination=\u00a0\u00bbtrue\u00a0\u00bb filter=\u00a0\u00bbtrue\u00a0\u00bb masonry_layout_mode=\u00a0\u00bb\u00a0\u00bb center_filter=\u00a0\u00bb\u00a0\u00bb entry_media=\u00a0\u00bb\u00a0\u00bb featured_video=\u00a0\u00bb\u00a0\u00bb img_size=\u00a0\u00bbwpex_custom\u00a0\u00bb img_crop=\u00a0\u00bbcenter-center\u00a0\u00bb overlay_style=\u00a0\u00bbtitle-category-hover\u00a0\u00bb img_hover_style=\u00a0\u00bb\u00a0\u00bb img_filter=\u00a0\u00bb\u00a0\u00bb thumb_link=\u00a0\u00bb\u00a0\u00bb lightbox_skin=\u00a0\u00bb\u00a0\u00bb thumb_lightbox_gallery=\u00a0\u00bb\u00a0\u00bb thumb_lightbox_title=\u00a0\u00bb\u00a0\u00bb thumb_lightbox_caption=\u00a0\u00bb\u00a0\u00bb title=\u00a0\u00bb\u00a0\u00bb title_link=\u00a0\u00bb\u00a0\u00bb content_heading_weight=\u00a0\u00bb\u00a0\u00bb content_heading_transform=\u00a0\u00bb\u00a0\u00bb show_categories=\u00a0\u00bb\u00a0\u00bb show_first_category_only=\u00a0\u00bb\u00a0\u00bb excerpt=\u00a0\u00bbfalse\u00a0\u00bb excerpt_length=\u00a0\u00bb20&Prime; read_more=\u00a0\u00bb\u00a0\u00bb readmore_style=\u00a0\u00bboutline\u00a0\u00bb readmore_style_color=\u00a0\u00bbwhite\u00a0\u00bb readmore_rarr=\u00a0\u00bbtrue\u00a0\u00bb content_alignment=\u00a0\u00bbcenter\u00a0\u00bb term_slug=\u00a0\u00bball\u00a0\u00bb img_width=\u00a0\u00bb500&Prime; img_height=\u00a0\u00bb350&Prime; read_more_text=\u00a0\u00bbEn savoir plus\u00a0\u00bb readmore_color=\u00a0\u00bb#000000&Prime; all_text=\u00a0\u00bbTous\u00a0\u00bb exclude_categories=\u00a0\u00bb63, 60, 62, 73, 74, 75&Prime;][\/vc_column][\/vc_row]\n<\/section>","protected":false},"excerpt":{"rendered":"<p>[vc_row full_width=\u00a0\u00bb\u00a0\u00bb parallax_image=\u00a0\u00bb\u00a0\u00bb visibility=\u00a0\u00bb\u00a0\u00bb css_animation=\u00a0\u00bb\u00a0\u00bb center_row=\u00a0\u00bb\u00a0\u00bb typography_style=\u00a0\u00bb\u00a0\u00bb column_spacing=\u00a0\u00bb\u00a0\u00bb tablet_fullwidth_cols=\u00a0\u00bb\u00a0\u00bb bg_style=\u00a0\u00bb\u00a0\u00bb parallax=\u00a0\u00bb\u00a0\u00bb parallax_mobile=\u00a0\u00bb\u00a0\u00bb parallax_style=\u00a0\u00bb\u00a0\u00bb parallax_direction=\u00a0\u00bb\u00a0\u00bb video_bg=\u00a0\u00bb\u00a0\u00bb video_bg_overlay=\u00a0\u00bb\u00a0\u00bb border_style=\u00a0\u00bb\u00a0\u00bb][vc_column width=\u00a0\u00bb2\/3&Prime; style=\u00a0\u00bb\u00a0\u00bb visibility=\u00a0\u00bb\u00a0\u00bb css_animation=\u00a0\u00bb\u00a0\u00bb typo_style=\u00a0\u00bb\u00a0\u00bb drop_shadow=\u00a0\u00bb\u00a0\u00bb bg_style=\u00a0\u00bb\u00a0\u00bb border_style=\u00a0\u00bb\u00a0\u00bb][vc_column_text css_animation=\u00a0\u00bb\u00a0\u00bb] INSFRI\u00a0dispose d&rsquo; une large\u00a0gamme d&rsquo;\u00a0\u00c9vaporateurs, Condenseurs\u00a0et \u00c9changeurs Thermiques\u00a0Sp\u00e9ciaux\u00a0pour la R\u00e9frig\u00e9ration Industrielle et Commerciale qui&hellip;<\/p>\n","protected":false},"author":1,"featured_media":0,"parent":0,"menu_order":0,"comment_status":"closed","ping_status":"closed","template":"","meta":[],"yoast_head":"<!-- This site is optimized with the Yoast SEO plugin v20.5 - https:\/\/yoast.com\/wordpress\/plugins\/seo\/ -->\n<title>Produits - Insfri Refrigeraci\u00f3n Industrial<\/title>\n<meta name=\"robots\" content=\"index, follow, max-snippet:-1, max-image-preview:large, max-video-preview:-1\" \/>\n<link rel=\"canonical\" href=\"https:\/\/www.insfri.com\/fr\/produits\/\" \/>\n<meta property=\"og:locale\" content=\"fr_FR\" \/>\n<meta property=\"og:type\" content=\"article\" \/>\n<meta property=\"og:title\" content=\"Produits - Insfri Refrigeraci\u00f3n Industrial\" \/>\n<meta property=\"og:description\" content=\"[vc_row full_width=\u00a0\u00bb\u00a0\u00bb parallax_image=\u00a0\u00bb\u00a0\u00bb visibility=\u00a0\u00bb\u00a0\u00bb css_animation=\u00a0\u00bb\u00a0\u00bb center_row=\u00a0\u00bb\u00a0\u00bb typography_style=\u00a0\u00bb\u00a0\u00bb column_spacing=\u00a0\u00bb\u00a0\u00bb tablet_fullwidth_cols=\u00a0\u00bb\u00a0\u00bb bg_style=\u00a0\u00bb\u00a0\u00bb parallax=\u00a0\u00bb\u00a0\u00bb parallax_mobile=\u00a0\u00bb\u00a0\u00bb parallax_style=\u00a0\u00bb\u00a0\u00bb parallax_direction=\u00a0\u00bb\u00a0\u00bb video_bg=\u00a0\u00bb\u00a0\u00bb video_bg_overlay=\u00a0\u00bb\u00a0\u00bb border_style=\u00a0\u00bb\u00a0\u00bb][vc_column width=\u00a0\u00bb2\/3&Prime; style=\u00a0\u00bb\u00a0\u00bb visibility=\u00a0\u00bb\u00a0\u00bb css_animation=\u00a0\u00bb\u00a0\u00bb typo_style=\u00a0\u00bb\u00a0\u00bb drop_shadow=\u00a0\u00bb\u00a0\u00bb bg_style=\u00a0\u00bb\u00a0\u00bb border_style=\u00a0\u00bb\u00a0\u00bb][vc_column_text css_animation=\u00a0\u00bb\u00a0\u00bb] INSFRI\u00a0dispose d&rsquo; une large\u00a0gamme d&rsquo;\u00a0\u00c9vaporateurs, Condenseurs\u00a0et \u00c9changeurs Thermiques\u00a0Sp\u00e9ciaux\u00a0pour la R\u00e9frig\u00e9ration Industrielle et Commerciale qui&hellip;\" \/>\n<meta property=\"og:url\" content=\"https:\/\/www.insfri.com\/fr\/produits\/\" \/>\n<meta property=\"og:site_name\" content=\"Insfri Refrigeraci\u00f3n Industrial\" \/>\n<meta property=\"article:modified_time\" content=\"2015-12-09T03:17:49+00:00\" \/>\n<meta name=\"twitter:card\" content=\"summary_large_image\" \/>\n<meta name=\"twitter:label1\" content=\"Dur\u00e9e de lecture estim\u00e9e\" \/>\n\t<meta name=\"twitter:data1\" content=\"2 minutes\" \/>\n<script type=\"application\/ld+json\" class=\"yoast-schema-graph\">{\"@context\":\"https:\/\/schema.org\",\"@graph\":[{\"@type\":\"WebPage\",\"@id\":\"https:\/\/www.insfri.com\/fr\/produits\/\",\"url\":\"https:\/\/www.insfri.com\/fr\/produits\/\",\"name\":\"Produits - Insfri Refrigeraci\u00f3n Industrial\",\"isPartOf\":{\"@id\":\"https:\/\/www.insfri.com\/fr\/#website\"},\"datePublished\":\"2015-08-07T07:22:32+00:00\",\"dateModified\":\"2015-12-09T03:17:49+00:00\",\"breadcrumb\":{\"@id\":\"https:\/\/www.insfri.com\/fr\/produits\/#breadcrumb\"},\"inLanguage\":\"fr-FR\",\"potentialAction\":[{\"@type\":\"ReadAction\",\"target\":[\"https:\/\/www.insfri.com\/fr\/produits\/\"]}]},{\"@type\":\"BreadcrumbList\",\"@id\":\"https:\/\/www.insfri.com\/fr\/produits\/#breadcrumb\",\"itemListElement\":[{\"@type\":\"ListItem\",\"position\":1,\"name\":\"Portada\",\"item\":\"https:\/\/www.insfri.com\/fr\/\"},{\"@type\":\"ListItem\",\"position\":2,\"name\":\"Produits\"}]},{\"@type\":\"WebSite\",\"@id\":\"https:\/\/www.insfri.com\/fr\/#website\",\"url\":\"https:\/\/www.insfri.com\/fr\/\",\"name\":\"Insfri Refrigeraci\u00f3n Industrial\",\"description\":\"Otro sitio realizado con WordPress\",\"publisher\":{\"@id\":\"https:\/\/www.insfri.com\/fr\/#organization\"},\"potentialAction\":[{\"@type\":\"SearchAction\",\"target\":{\"@type\":\"EntryPoint\",\"urlTemplate\":\"https:\/\/www.insfri.com\/fr\/?s={search_term_string}\"},\"query-input\":\"required name=search_term_string\"}],\"inLanguage\":\"fr-FR\"},{\"@type\":\"Organization\",\"@id\":\"https:\/\/www.insfri.com\/fr\/#organization\",\"name\":\"Insfri Refrigeraci\u00f3n Industrial\",\"url\":\"https:\/\/www.insfri.com\/fr\/\",\"logo\":{\"@type\":\"ImageObject\",\"inLanguage\":\"fr-FR\",\"@id\":\"https:\/\/www.insfri.com\/fr\/#\/schema\/logo\/image\/\",\"url\":\"\",\"contentUrl\":\"\",\"caption\":\"Insfri Refrigeraci\u00f3n Industrial\"},\"image\":{\"@id\":\"https:\/\/www.insfri.com\/fr\/#\/schema\/logo\/image\/\"}}]}<\/script>\n<!-- \/ Yoast SEO plugin. -->","yoast_head_json":{"title":"Produits - Insfri Refrigeraci\u00f3n Industrial","robots":{"index":"index","follow":"follow","max-snippet":"max-snippet:-1","max-image-preview":"max-image-preview:large","max-video-preview":"max-video-preview:-1"},"canonical":"https:\/\/www.insfri.com\/fr\/produits\/","og_locale":"fr_FR","og_type":"article","og_title":"Produits - Insfri Refrigeraci\u00f3n Industrial","og_description":"[vc_row full_width=\u00a0\u00bb\u00a0\u00bb parallax_image=\u00a0\u00bb\u00a0\u00bb visibility=\u00a0\u00bb\u00a0\u00bb css_animation=\u00a0\u00bb\u00a0\u00bb center_row=\u00a0\u00bb\u00a0\u00bb typography_style=\u00a0\u00bb\u00a0\u00bb column_spacing=\u00a0\u00bb\u00a0\u00bb tablet_fullwidth_cols=\u00a0\u00bb\u00a0\u00bb bg_style=\u00a0\u00bb\u00a0\u00bb parallax=\u00a0\u00bb\u00a0\u00bb parallax_mobile=\u00a0\u00bb\u00a0\u00bb parallax_style=\u00a0\u00bb\u00a0\u00bb parallax_direction=\u00a0\u00bb\u00a0\u00bb video_bg=\u00a0\u00bb\u00a0\u00bb video_bg_overlay=\u00a0\u00bb\u00a0\u00bb border_style=\u00a0\u00bb\u00a0\u00bb][vc_column width=\u00a0\u00bb2\/3&Prime; style=\u00a0\u00bb\u00a0\u00bb visibility=\u00a0\u00bb\u00a0\u00bb css_animation=\u00a0\u00bb\u00a0\u00bb typo_style=\u00a0\u00bb\u00a0\u00bb drop_shadow=\u00a0\u00bb\u00a0\u00bb bg_style=\u00a0\u00bb\u00a0\u00bb border_style=\u00a0\u00bb\u00a0\u00bb][vc_column_text css_animation=\u00a0\u00bb\u00a0\u00bb] INSFRI\u00a0dispose d&rsquo; une large\u00a0gamme d&rsquo;\u00a0\u00c9vaporateurs, Condenseurs\u00a0et \u00c9changeurs Thermiques\u00a0Sp\u00e9ciaux\u00a0pour la R\u00e9frig\u00e9ration Industrielle et Commerciale qui&hellip;","og_url":"https:\/\/www.insfri.com\/fr\/produits\/","og_site_name":"Insfri Refrigeraci\u00f3n Industrial","article_modified_time":"2015-12-09T03:17:49+00:00","twitter_card":"summary_large_image","twitter_misc":{"Dur\u00e9e de lecture estim\u00e9e":"2 minutes"},"schema":{"@context":"https:\/\/schema.org","@graph":[{"@type":"WebPage","@id":"https:\/\/www.insfri.com\/fr\/produits\/","url":"https:\/\/www.insfri.com\/fr\/produits\/","name":"Produits - Insfri Refrigeraci\u00f3n Industrial","isPartOf":{"@id":"https:\/\/www.insfri.com\/fr\/#website"},"datePublished":"2015-08-07T07:22:32+00:00","dateModified":"2015-12-09T03:17:49+00:00","breadcrumb":{"@id":"https:\/\/www.insfri.com\/fr\/produits\/#breadcrumb"},"inLanguage":"fr-FR","potentialAction":[{"@type":"ReadAction","target":["https:\/\/www.insfri.com\/fr\/produits\/"]}]},{"@type":"BreadcrumbList","@id":"https:\/\/www.insfri.com\/fr\/produits\/#breadcrumb","itemListElement":[{"@type":"ListItem","position":1,"name":"Portada","item":"https:\/\/www.insfri.com\/fr\/"},{"@type":"ListItem","position":2,"name":"Produits"}]},{"@type":"WebSite","@id":"https:\/\/www.insfri.com\/fr\/#website","url":"https:\/\/www.insfri.com\/fr\/","name":"Insfri Refrigeraci\u00f3n Industrial","description":"Otro sitio realizado con WordPress","publisher":{"@id":"https:\/\/www.insfri.com\/fr\/#organization"},"potentialAction":[{"@type":"SearchAction","target":{"@type":"EntryPoint","urlTemplate":"https:\/\/www.insfri.com\/fr\/?s={search_term_string}"},"query-input":"required name=search_term_string"}],"inLanguage":"fr-FR"},{"@type":"Organization","@id":"https:\/\/www.insfri.com\/fr\/#organization","name":"Insfri Refrigeraci\u00f3n Industrial","url":"https:\/\/www.insfri.com\/fr\/","logo":{"@type":"ImageObject","inLanguage":"fr-FR","@id":"https:\/\/www.insfri.com\/fr\/#\/schema\/logo\/image\/","url":"","contentUrl":"","caption":"Insfri Refrigeraci\u00f3n Industrial"},"image":{"@id":"https:\/\/www.insfri.com\/fr\/#\/schema\/logo\/image\/"}}]}},"_links":{"self":[{"href":"https:\/\/www.insfri.com\/fr\/wp-json\/wp\/v2\/pages\/5158"}],"collection":[{"href":"https:\/\/www.insfri.com\/fr\/wp-json\/wp\/v2\/pages"}],"about":[{"href":"https:\/\/www.insfri.com\/fr\/wp-json\/wp\/v2\/types\/page"}],"author":[{"embeddable":true,"href":"https:\/\/www.insfri.com\/fr\/wp-json\/wp\/v2\/users\/1"}],"replies":[{"embeddable":true,"href":"https:\/\/www.insfri.com\/fr\/wp-json\/wp\/v2\/comments?post=5158"}],"version-history":[{"count":7,"href":"https:\/\/www.insfri.com\/fr\/wp-json\/wp\/v2\/pages\/5158\/revisions"}],"predecessor-version":[{"id":5723,"href":"https:\/\/www.insfri.com\/fr\/wp-json\/wp\/v2\/pages\/5158\/revisions\/5723"}],"wp:attachment":[{"href":"https:\/\/www.insfri.com\/fr\/wp-json\/wp\/v2\/media?parent=5158"}],"curies":[{"name":"wp","href":"https:\/\/api.w.org\/{rel}","templated":true}]}}